{"id":22,"date":"2026-02-19T21:13:43","date_gmt":"2026-02-19T21:13:43","guid":{"rendered":"http:\/\/telepraca-polska.pl\/?page_id=22"},"modified":"2026-02-19T21:13:43","modified_gmt":"2026-02-19T21:13:43","slug":"o-blogu","status":"publish","type":"page","link":"http:\/\/telepraca-polska.pl\/?page_id=22","title":{"rendered":"O blogu"},"content":{"rendered":"\n<p>Ten blog powsta\u0142, aby pokaza\u0107 logistyk\u0119 z innej strony &#8211; nie jako magazyn i transport, lecz jako mechanizm dzia\u0142ania firmy. W wielu przedsi\u0119biorstwach to w\u0142a\u015bnie operacje decyduj\u0105, czy strategia ma sens, jednak pozostaj\u0105 najmniej opisanym obszarem biznesu.<\/p>\n\n\n\n<p>Publikowane tu teksty t\u0142umacz\u0105, jak dzia\u0142a zaplecze sprzeda\u017cy i dlaczego do\u015bwiadczenie klienta zaczyna si\u0119 jeszcze przed wys\u0142aniem paczki. Zamiast poradnik\u00f3w skupiamy si\u0119 na zrozumieniu zale\u017cno\u015bci &#8211; mi\u0119dzy zapasem a p\u0142ynno\u015bci\u0105 finansow\u0105, mi\u0119dzy kompletacj\u0105 a marketingiem, mi\u0119dzy procesem a opini\u0105 w internecie.<\/p>\n\n\n\n<p>Znajdziesz tu tre\u015bci dotycz\u0105ce:<\/p>\n\n\n\n<p>logistyki kontraktowej i skalowania biznesu<br>operacji fulfillment i sprzeda\u017cy online<br>organizacji pracy magazynu<br>co-packingu i przygotowania produkt\u00f3w do sprzeda\u017cy<br>wp\u0142ywu operacji na wizerunek marki<\/p>\n\n\n\n<p>Blog jest zapleczem merytorycznym tworzonym przy wsp\u00f3\u0142pracy z firm\u0105 logistyczn\u0105 Insidelog, dlatego skupia si\u0119 na praktyce &#8211; na tym, co faktycznie dzia\u0142a w operacjach, a nie tylko w prezentacjach.<\/p>\n\n\n\n<p>To miejsce dla os\u00f3b, kt\u00f3re chc\u0105 rozumie\u0107 biznes od \u015brodka &#8211; tam, gdzie decyzje maj\u0105 form\u0119 procesu.<\/p>\n","protected":false},"excerpt":{"rendered":"<p>Ten blog powsta\u0142, aby pokaza\u0107 logistyk\u0119 z innej strony &#8211; nie jako magazyn i transport, lecz jako mechanizm dzia\u0142ania firmy. W wielu przedsi\u0119biorstwach to w\u0142a\u015bnie operacje decyduj\u0105, czy strategia ma sens, jednak pozostaj\u0105 najmniej opisanym obszarem biznesu. Publikowane tu teksty t\u0142umacz\u0105, jak dzia\u0142a zaplecze sprzeda\u017cy i dlaczego do\u015bwiadczenie klienta zaczyna si\u0119 jeszcze przed wys\u0142aniem paczki.<a class=\"more-link\" href=\"http:\/\/telepraca-polska.pl\/?page_id=22\">Read more<\/a><\/p>\n","protected":false},"author":1,"featured_media":0,"parent":0,"menu_order":0,"comment_status":"closed","ping_status":"closed","template":"","meta":{"footnotes":""},"class_list":["post-22","page","type-page","status-publish","hentry"],"_links":{"self":[{"href":"http:\/\/telepraca-polska.pl\/index.php?rest_route=\/wp\/v2\/pages\/22","targetHints":{"allow":["GET"]}}],"collection":[{"href":"http:\/\/telepraca-polska.pl\/index.php?rest_route=\/wp\/v2\/pages"}],"about":[{"href":"http:\/\/telepraca-polska.pl\/index.php?rest_route=\/wp\/v2\/types\/page"}],"author":[{"embeddable":true,"href":"http:\/\/telepraca-polska.pl\/index.php?rest_route=\/wp\/v2\/users\/1"}],"replies":[{"embeddable":true,"href":"http:\/\/telepraca-polska.pl\/index.php?rest_route=%2Fwp%2Fv2%2Fcomments&post=22"}],"version-history":[{"count":1,"href":"http:\/\/telepraca-polska.pl\/index.php?rest_route=\/wp\/v2\/pages\/22\/revisions"}],"predecessor-version":[{"id":23,"href":"http:\/\/telepraca-polska.pl\/index.php?rest_route=\/wp\/v2\/pages\/22\/revisions\/23"}],"wp:attachment":[{"href":"http:\/\/telepraca-polska.pl\/index.php?rest_route=%2Fwp%2Fv2%2Fmedia&parent=22"}],"curies":[{"name":"wp","href":"https:\/\/api.w.org\/{rel}","templated":true}]}}